{"id":11,"date":"2013-05-01T16:56:54","date_gmt":"2013-05-01T15:56:54","guid":{"rendered":"http:\/\/www.porcelainesdelafabrique.com\/home\/?page_id=11"},"modified":"2013-08-20T17:38:49","modified_gmt":"2013-08-20T16:38:49","slug":"a-propos","status":"publish","type":"page","link":"https:\/\/www.porcelainesdelafabrique.com\/home\/a-propos\/","title":{"rendered":"LA MANUFACTURE"},"content":{"rendered":"<p style=\"text-align: justify;\"><strong>L<\/strong>a manufacture <strong>PORCELAINES DE LA FABRIQUE<\/strong>, cr\u00e9e en 1825, est sp\u00e9cialis\u00e9e exclusivement dans la <strong>fabrication fran\u00e7aise haut de gamme de porcelaine blanche de Limoges.<\/strong> Gr\u00e2ce \u00e0 une excellente ma\u00eetrise des savoir-faire traditionnels conjugu\u00e9e \u00e0 un mat\u00e9riel issu des derni\u00e8res technologies, des cr\u00e9ations uniques vous sont propos\u00e9es.<\/p>\n<p style=\"text-align: justify;\">Disposant d\u2019une exp\u00e9rience confirm\u00e9e dans la fabrication de la porcelaine, toute notre \u00e9quipe est \u00e0 votre service pour vous pr\u00e9senter la meilleure qualit\u00e9. Professionnels confirm\u00e9s, nous travaillons avec beaucoup de s\u00e9rieux afin de maintenir notre notori\u00e9t\u00e9 tout en mettant un point d&rsquo;honneur \u00e0 effectuer <strong>une production 100% fran\u00e7aise.<\/strong><\/p>\n<p style=\"text-align: justify;\">Capable de s&rsquo;adapter <strong>aux demandes techniques sp\u00e9cifiques <\/strong>gr\u00e2ce \u00e0 un bureau d&rsquo;\u00e9tude int\u00e9gr\u00e9 et <strong>\u00e0<\/strong> <strong>une production de grande comme de petite s\u00e9rie<\/strong>,\u00a0nos clients, les grandes marques de luxe, nous font confiance pour le d\u00e9veloppement et la fabrication de leurs collections en porcelaine.<\/p>\n<p>Gr\u00e2ce \u00e0 une <strong>\u00e9quipe qualifi\u00e9e et comp\u00e9tente<\/strong>, La manufacture Porcelaines de La Fabrique vous offre un travail soign\u00e9, pr\u00e9cis et de grande qualit\u00e9. Son savoir-faire constitue un \u00e9l\u00e9ment essentiel \u00e0 son d\u00e9veloppement.<\/p>\n<p><a href=\"https:\/\/www.porcelainesdelafabrique.com\/home\/wp-content\/uploads\/2013\/05\/LA-FABRIQUE1.jpg\"><img loading=\"lazy\" decoding=\"async\" class=\"wp-image-80 aligncenter\" alt=\"Non Sans Raison - Limoges\" src=\"https:\/\/www.porcelainesdelafabrique.com\/home\/wp-content\/uploads\/2013\/05\/LA-FABRIQUE1-1024x682.jpg\" width=\"608\" height=\"405\" srcset=\"https:\/\/www.porcelainesdelafabrique.com\/home\/wp-content\/uploads\/2013\/05\/LA-FABRIQUE1-1024x682.jpg 1024w, https:\/\/www.porcelainesdelafabrique.com\/home\/wp-content\/uploads\/2013\/05\/LA-FABRIQUE1-300x200.jpg 300w, https:\/\/www.porcelainesdelafabrique.com\/home\/wp-content\/uploads\/2013\/05\/LA-FABRIQUE1.jpg 1426w\" sizes=\"auto, (max-width: 608px) 100vw, 608px\" \/><\/a><a href=\"https:\/\/www.porcelainesdelafabrique.com\/home\/wp-content\/uploads\/2013\/05\/IMG_3027-low.jpg\"><img loading=\"lazy\" decoding=\"async\" class=\"size-full wp-image-463 aligncenter\" alt=\"IMG_3027 low\" src=\"https:\/\/www.porcelainesdelafabrique.com\/home\/wp-content\/uploads\/2013\/05\/IMG_3027-low.jpg\" width=\"600\" height=\"400\" srcset=\"https:\/\/www.porcelainesdelafabrique.com\/home\/wp-content\/uploads\/2013\/05\/IMG_3027-low.jpg 600w, https:\/\/www.porcelainesdelafabrique.com\/home\/wp-content\/uploads\/2013\/05\/IMG_3027-low-300x200.jpg 300w\" sizes=\"auto, (max-width: 600px) 100vw, 600px\" \/><\/a><a href=\"https:\/\/www.porcelainesdelafabrique.com\/home\/wp-content\/uploads\/2013\/05\/la-fabrique-porcelaine-low.jpg\"><img loading=\"lazy\" decoding=\"async\" class=\"size-full wp-image-430 aligncenter\" alt=\"Non Sans Raison - Limoges\" src=\"https:\/\/www.porcelainesdelafabrique.com\/home\/wp-content\/uploads\/2013\/05\/la-fabrique-porcelaine-low.jpg\" width=\"600\" height=\"400\" srcset=\"https:\/\/www.porcelainesdelafabrique.com\/home\/wp-content\/uploads\/2013\/05\/la-fabrique-porcelaine-low.jpg 600w, https:\/\/www.porcelainesdelafabrique.com\/home\/wp-content\/uploads\/2013\/05\/la-fabrique-porcelaine-low-300x200.jpg 300w\" sizes=\"auto, (max-width: 600px) 100vw, 600px\" \/><\/a><\/p>\n","protected":false},"excerpt":{"rendered":"<p>La manufacture PORCELAINES DE LA FABRIQUE, cr\u00e9e en 1825, est sp\u00e9cialis\u00e9e exclusivement dans la fabrication fran\u00e7aise haut de gamme de porcelaine blanche de Limoges. Gr\u00e2ce \u00e0 une excellente ma\u00eetrise des savoir-faire traditionnels conjugu\u00e9e \u00e0 un mat\u00e9riel issu des derni\u00e8res technologies, des cr\u00e9ations uniques vous sont propos\u00e9es. Disposant d\u2019une exp\u00e9rience confirm\u00e9e dans la fabrication de la [&hellip;]<\/p>\n","protected":false},"author":1,"featured_media":0,"parent":0,"menu_order":0,"comment_status":"open","ping_status":"closed","template":"","meta":{"footnotes":""},"class_list":["post-11","page","type-page","status-publish","hentry"],"_links":{"self":[{"href":"https:\/\/www.porcelainesdelafabrique.com\/home\/wp-json\/wp\/v2\/pages\/11","targetHints":{"allow":["GET"]}}],"collection":[{"href":"https:\/\/www.porcelainesdelafabrique.com\/home\/wp-json\/wp\/v2\/pages"}],"about":[{"href":"https:\/\/www.porcelainesdelafabrique.com\/home\/wp-json\/wp\/v2\/types\/page"}],"author":[{"embeddable":true,"href":"https:\/\/www.porcelainesdelafabrique.com\/home\/wp-json\/wp\/v2\/users\/1"}],"replies":[{"embeddable":true,"href":"https:\/\/www.porcelainesdelafabrique.com\/home\/wp-json\/wp\/v2\/comments?post=11"}],"version-history":[{"count":40,"href":"https:\/\/www.porcelainesdelafabrique.com\/home\/wp-json\/wp\/v2\/pages\/11\/revisions"}],"predecessor-version":[{"id":465,"href":"https:\/\/www.porcelainesdelafabrique.com\/home\/wp-json\/wp\/v2\/pages\/11\/revisions\/465"}],"wp:attachment":[{"href":"https:\/\/www.porcelainesdelafabrique.com\/home\/wp-json\/wp\/v2\/media?parent=11"}],"curies":[{"name":"wp","href":"https:\/\/api.w.org\/{rel}","templated":true}]}}